{"id":23,"date":"2025-07-15T12:54:14","date_gmt":"2025-07-15T12:54:14","guid":{"rendered":"https:\/\/sycomia.com\/about\/"},"modified":"2025-09-23T14:50:35","modified_gmt":"2025-09-23T14:50:35","slug":"about-us","status":"publish","type":"page","link":"https:\/\/sycomia.com\/fr\/about-us\/","title":{"rendered":"A propos"},"content":{"rendered":"<div data-elementor-type=\"wp-page\" data-elementor-id=\"23\" class=\"elementor elementor-23\">\n\t\t\t\t<div class=\"elementor-element elementor-element-28556268 e-flex e-con-boxed e-con e-parent\" data-id=\"28556268\" data-element_type=\"container\" data-e-type=\"container\" data-settings=\"{&quot;background_background&quot;:&quot;classic&quot;}\">\n\t\t\t\t\t<div class=\"e-con-inner\">\n\t\t\t\t\t<\/div>\n\t\t\t\t<\/div>\n\t\t<div class=\"elementor-element elementor-element-ccb2641 e-flex e-con-boxed e-con e-parent\" data-id=\"ccb2641\" data-element_type=\"container\" data-e-type=\"container\">\n\t\t\t\t\t<div class=\"e-con-inner\">\n\t\t<div class=\"elementor-element elementor-element-2677a43 e-con-full e-flex e-con e-child\" data-id=\"2677a43\" data-element_type=\"container\" data-e-type=\"container\">\n\t\t\t\t<div class=\"elementor-element elementor-element-b7f9e0e elementor-widget elementor-widget-text-editor translation-block\" data-id=\"b7f9e0e\" data-element_type=\"widget\" data-e-type=\"widget\" data-widget_type=\"text-editor.default\">Nous sommes trois bio-informaticiens seniors aux expertises compl\u00e9mentaires en biologie mol\u00e9culaire, bioinformatique avanc\u00e9e et mod\u00e9lisation par intelligence artificielle. Forts de plus de dix ans d\u2019exp\u00e9rience en milieu acad\u00e9mique et industriel, nous avons cofond\u00e9 <span style=\"color: #EF8453\"><b>Sycomia<\/b><\/span> pour r\u00e9pondre \u00e0 la demande croissante d\u2019analyses complexes de donn\u00e9es -Omiques.\nNous accompagnons vos projets, de la d\u00e9finition des questions biologiques \u00e0 l\u2019analyse, l\u2019interpr\u00e9tation et l\u2019int\u00e9gration des donn\u00e9es.<\/div>\n\t\t\t\t<\/div>\n\t\t\t\t\t<\/div>\n\t\t\t\t<\/div>\n\t\t<div class=\"elementor-element elementor-element-14a7f46 e-flex e-con-boxed e-con e-parent\" data-id=\"14a7f46\" data-element_type=\"container\" data-e-type=\"container\">\n\t\t\t\t\t<div class=\"e-con-inner\">\n\t\t<div class=\"elementor-element elementor-element-8d19104 e-con-full e-flex e-con e-child\" data-id=\"8d19104\" data-element_type=\"container\" data-e-type=\"container\">\n\t\t\t\t<div class=\"elementor-element elementor-element-a84c645 img_rond elementor-widget elementor-widget-image\" data-id=\"a84c645\" data-element_type=\"widget\" data-e-type=\"widget\" data-widget_type=\"image.default\">\n\t\t\t\t\t\t\t\t\t\t\t\t\t\t\t<img fetchpriority=\"high\" decoding=\"async\" width=\"819\" height=\"1024\" src=\"https:\/\/sycomia.com\/wp-content\/uploads\/2025\/08\/DSC_0513-819x1024.jpg\" class=\"attachment-large size-large wp-image-767\" alt=\"\" srcset=\"https:\/\/sycomia.com\/wp-content\/uploads\/2025\/08\/DSC_0513-819x1024.jpg 819w, https:\/\/sycomia.com\/wp-content\/uploads\/2025\/08\/DSC_0513-240x300.jpg 240w, https:\/\/sycomia.com\/wp-content\/uploads\/2025\/08\/DSC_0513-768x960.jpg 768w, https:\/\/sycomia.com\/wp-content\/uploads\/2025\/08\/DSC_0513-1229x1536.jpg 1229w, https:\/\/sycomia.com\/wp-content\/uploads\/2025\/08\/DSC_0513-1638x2048.jpg 1638w, https:\/\/sycomia.com\/wp-content\/uploads\/2025\/08\/DSC_0513-scaled.jpg 2048w\" sizes=\"(max-width: 819px) 100vw, 819px\" \/>\t\t\t\t\t\t\t\t\t\t\t\t\t\t\t<\/div>\n\t\t\t\t<\/div>\n\t\t<div class=\"elementor-element elementor-element-d6341e9 e-con-full e-flex e-con e-child\" data-id=\"d6341e9\" data-element_type=\"container\" data-e-type=\"container\">\n\t\t\t\t<div class=\"elementor-element elementor-element-c762c4d elementor-widget elementor-widget-text-editor\" data-id=\"c762c4d\" data-element_type=\"widget\" data-e-type=\"widget\" data-widget_type=\"text-editor.default\">\n\t\t\t\t\t\t\t\t\t<b>LOUIS CHAUVIERE, PhD<\/b><br><br>\n\nLouis Chauvi\u00e8re est un expert en <b>biologie mol\u00e9culaire<\/b> et <b>bio-informatique<\/b>. Apr\u00e8s avoir obtenu deux masters dans ces disciplines, il a r\u00e9alis\u00e9 une th\u00e8se de doctorat dans un laboratoire d\u2019\u00e9pig\u00e9n\u00e9tique \u00e0 l\u2019Universit\u00e9 Paris Cit\u00e9, o\u00f9 il a \u00e9tudi\u00e9 l\u2019inactivation du chromosome X chez l\u2019humain.\nFort de plus de <b>dix ans d'exp\u00e9rience<\/b> en recherche acad\u00e9mique, en milieu hospitalier et au sein de soci\u00e9t\u00e9s de recherche contractuelle, Louis a con\u00e7u et d\u00e9velopp\u00e9 de nombreuses <b><b>strat\u00e9gies<\/b> et <b>pipelines d\u2019analyse<\/b> de donn\u00e9es -Omiques.<\/b> Il poss\u00e8de une expertise approfondie sur les technologies <b>single-cell<\/b> et <b>RNA-seq<\/b> , couvrant toutes les \u00e9tapes, de la conception exp\u00e9rimentale \u00e0 l\u2019interpr\u00e9tation biologique.\nCofondateur de <b><span style=\"color: #ef8354;\">Sycomia<\/span><\/b>, il met aujourd\u2019hui ce haut niveau de comp\u00e9tences au service de vos projets, en proposant des solutions sur mesure et rigoureuses pour relever les d\u00e9fis complexes li\u00e9s \u00e0 l\u2019analyse de donn\u00e9es.\n<blockquote><b>Je serai votre interlocuteur privil\u00e9gi\u00e9 pour concevoir des strat\u00e9gies d\u2019analyse de donn\u00e9es adapt\u00e9es \u00e0 vos projets.<\/b><\/blockquote>\t\t\t\t\t\t\t\t<\/div>\n\t\t\t\t<\/div>\n\t\t\t\t\t<\/div>\n\t\t\t\t<\/div>\n\t\t<div class=\"elementor-element elementor-element-cf4d9f3 e-flex e-con-boxed e-con e-parent\" data-id=\"cf4d9f3\" data-element_type=\"container\" data-e-type=\"container\">\n\t\t\t\t\t<div class=\"e-con-inner\">\n\t\t<div class=\"elementor-element elementor-element-19a6447 e-con-full e-flex e-con e-child\" data-id=\"19a6447\" data-element_type=\"container\" data-e-type=\"container\">\n\t\t\t\t<div class=\"elementor-element elementor-element-5cf3951 img_rond elementor-widget elementor-widget-image\" data-id=\"5cf3951\" data-element_type=\"widget\" data-e-type=\"widget\" data-widget_type=\"image.default\">\n\t\t\t\t\t\t\t\t\t\t\t\t\t\t\t<img decoding=\"async\" width=\"819\" height=\"1024\" src=\"https:\/\/sycomia.com\/wp-content\/uploads\/2025\/08\/DSC_0543-819x1024.jpg\" class=\"attachment-large size-large wp-image-769\" alt=\"\" srcset=\"https:\/\/sycomia.com\/wp-content\/uploads\/2025\/08\/DSC_0543-819x1024.jpg 819w, https:\/\/sycomia.com\/wp-content\/uploads\/2025\/08\/DSC_0543-240x300.jpg 240w, https:\/\/sycomia.com\/wp-content\/uploads\/2025\/08\/DSC_0543-768x960.jpg 768w, https:\/\/sycomia.com\/wp-content\/uploads\/2025\/08\/DSC_0543-1229x1536.jpg 1229w, https:\/\/sycomia.com\/wp-content\/uploads\/2025\/08\/DSC_0543-1638x2048.jpg 1638w, https:\/\/sycomia.com\/wp-content\/uploads\/2025\/08\/DSC_0543-scaled.jpg 2048w\" sizes=\"(max-width: 819px) 100vw, 819px\" \/>\t\t\t\t\t\t\t\t\t\t\t\t\t\t\t<\/div>\n\t\t\t\t<\/div>\n\t\t<div class=\"elementor-element elementor-element-e4054b4 e-con-full e-flex e-con e-child\" data-id=\"e4054b4\" data-element_type=\"container\" data-e-type=\"container\">\n\t\t\t\t<div class=\"elementor-element elementor-element-417f33f elementor-widget elementor-widget-text-editor\" data-id=\"417f33f\" data-element_type=\"widget\" data-e-type=\"widget\" data-widget_type=\"text-editor.default\">\n\t\t\t\t\t\t\t\t\t<b>FLORENT TESSIER, MSc<\/b><br><br>\n\nAyant collabor\u00e9 avec des h\u00f4pitaux, des groupes de recherche acad\u00e9mique et de grandes entreprises pharmaceutiques, Florent Tessier cumule plus de <b>dix ans d'exp\u00e9rience<\/b> dans les secteurs public et priv\u00e9. Titulaire d\u2019un master en <b>bio-informatique<\/b> (Universit\u00e9 Paris-Saclay\/\u00c9cole Polytechnique), il est cofondateur de <b><span style=\"color: #ef8354;\">Sycomia<\/span><\/b>, o\u00f9 il est en charge du d\u00e9veloppement des <b>pipelines d'analyses<\/b> et l'ex\u00e9cution des <b>workflows bio-informatiques<\/b> appliqu\u00e9s \u00e0 des projets couvrant divers domaines des sciences -omiques.\nAyant travaill\u00e9 sur la plupart des principales technologies Omiques, de la <b>g\u00e9nomique \u00e0 la prot\u00e9omique<\/b>, il apporte une expertise large et op\u00e9rationnelle dans le domaine. \n<blockquote><b>Je vous assure des r\u00e9sultats d'analyse pr\u00e9cis, fiables et d\u00e9livr\u00e9s efficacement.<\/b><\/blockquote>\t\t\t\t\t\t\t\t<\/div>\n\t\t\t\t<\/div>\n\t\t\t\t\t<\/div>\n\t\t\t\t<\/div>\n\t\t<div class=\"elementor-element elementor-element-c506670 e-flex e-con-boxed e-con e-parent\" data-id=\"c506670\" data-element_type=\"container\" data-e-type=\"container\">\n\t\t\t\t\t<div class=\"e-con-inner\">\n\t\t<div class=\"elementor-element elementor-element-6c33219 e-con-full e-flex e-con e-child\" data-id=\"6c33219\" data-element_type=\"container\" data-e-type=\"container\">\n\t\t\t\t<div class=\"elementor-element elementor-element-9679cc7 img_rond elementor-widget elementor-widget-image\" data-id=\"9679cc7\" data-element_type=\"widget\" data-e-type=\"widget\" data-widget_type=\"image.default\">\n\t\t\t\t\t\t\t\t\t\t\t\t\t\t\t<img decoding=\"async\" width=\"819\" height=\"1024\" src=\"https:\/\/sycomia.com\/wp-content\/uploads\/2025\/08\/DSC_0526-819x1024.jpg\" class=\"attachment-large size-large wp-image-768\" alt=\"\" srcset=\"https:\/\/sycomia.com\/wp-content\/uploads\/2025\/08\/DSC_0526-819x1024.jpg 819w, https:\/\/sycomia.com\/wp-content\/uploads\/2025\/08\/DSC_0526-240x300.jpg 240w, https:\/\/sycomia.com\/wp-content\/uploads\/2025\/08\/DSC_0526-768x960.jpg 768w, https:\/\/sycomia.com\/wp-content\/uploads\/2025\/08\/DSC_0526-1229x1536.jpg 1229w, https:\/\/sycomia.com\/wp-content\/uploads\/2025\/08\/DSC_0526-1638x2048.jpg 1638w, https:\/\/sycomia.com\/wp-content\/uploads\/2025\/08\/DSC_0526-scaled.jpg 2048w\" sizes=\"(max-width: 819px) 100vw, 819px\" \/>\t\t\t\t\t\t\t\t\t\t\t\t\t\t\t<\/div>\n\t\t\t\t<\/div>\n\t\t<div class=\"elementor-element elementor-element-de61be4 e-con-full e-flex e-con e-child\" data-id=\"de61be4\" data-element_type=\"container\" data-e-type=\"container\">\n\t\t\t\t<div class=\"elementor-element elementor-element-6415125 elementor-widget elementor-widget-text-editor\" data-id=\"6415125\" data-element_type=\"widget\" data-e-type=\"widget\" data-widget_type=\"text-editor.default\">\n\t\t\t\t\t\t\t\t\t<b>NICOLAS SCALZITTI, PhD<\/b><br><br>\n\nNicolas Scalzitti est un bio-informaticien senior sp\u00e9cialis\u00e9 dans <b>l'analyse de donn\u00e9es biologiques<\/b> et <b>l'intelligence artificielle<\/b>. Apr\u00e8s un master en bio-informatique, il a soutenu une th\u00e8se de doctorat \u00e0 l\u2019Universit\u00e9 de Strasbourg, portant sur des strat\u00e9gies d\u2019annotation g\u00e9nomique bas\u00e9es sur l\u2019IA. Il a enseign\u00e9 l\u2019informatique, notamment la <b>programmation en Python<\/b> et <b>bases de donn\u00e9es<\/b>, avant de rejoindre un laboratoire de recherche am\u00e9ricain, o\u00f9 il a d\u00e9velopp\u00e9 des <b>outils d'IA<\/b> pour la conception de peptides th\u00e9rapeutiques. En 2025, il a cofond\u00e9 <b><span style=\"color: #ef8354;\">Sycomia<\/span><\/b> pour porter ses valeurs : rigueur scientifique, transparence totale et engagement en faveur de l\u2019innovation.\n\n<blockquote><b>Je travaillerai avec vous pour concevoir des solutions d\u2019IA innovantes, tout en restant \u00e0 l\u2019\u00e9coute des derni\u00e8res technologies.<\/b><\/blockquote>\n\n\t\t\t\t\t\t\t\t<\/div>\n\t\t\t\t<\/div>\n\t\t\t\t\t<\/div>\n\t\t\t\t<\/div>\n\t\t\t\t<\/div>","protected":false},"excerpt":{"rendered":"<p>We are three senior bioinformaticians with complementary expertise in molecular biology, advanced bioinformatics, and AI modeling.\u00a0With over a decade of [&hellip;]<\/p>","protected":false},"author":1,"featured_media":0,"parent":0,"menu_order":0,"comment_status":"closed","ping_status":"closed","template":"","meta":{"site-sidebar-layout":"no-sidebar","site-content-layout":"","ast-site-content-layout":"full-width-container","site-content-style":"default","site-sidebar-style":"default","ast-global-header-display":"","ast-banner-title-visibility":"","ast-main-header-display":"","ast-hfb-above-header-display":"","ast-hfb-below-header-display":"","ast-hfb-mobile-header-display":"","site-post-title":"disabled","ast-breadcrumbs-content":"","ast-featured-img":"disabled","footer-sml-layout":"","theme-transparent-header-meta":"","adv-header-id-meta":"","stick-header-meta":"","header-above-stick-meta":"","header-main-stick-meta":"","header-below-stick-meta":"","astra-migrate-meta-layouts":"default","ast-page-background-enabled":"default","ast-page-background-meta":{"desktop":{"background-color":"var(--ast-global-color-4)","background-image":"","background-repeat":"repeat","background-position":"center center","background-size":"auto","background-attachment":"scroll","background-type":"","background-media":"","overlay-type":"","overlay-color":"","overlay-opacity":"","overlay-gradient":""},"tablet":{"background-color":"","background-image":"","background-repeat":"repeat","background-position":"center center","background-size":"auto","background-attachment":"scroll","background-type":"","background-media":"","overlay-type":"","overlay-color":"","overlay-opacity":"","overlay-gradient":""},"mobile":{"background-color":"","background-image":"","background-repeat":"repeat","background-position":"center center","background-size":"auto","background-attachment":"scroll","background-type":"","background-media":"","overlay-type":"","overlay-color":"","overlay-opacity":"","overlay-gradient":""}},"ast-content-background-meta":{"desktop":{"background-color":"var(--ast-global-color-5)","background-image":"","background-repeat":"repeat","background-position":"center center","background-size":"auto","background-attachment":"scroll","background-type":"","background-media":"","overlay-type":"","overlay-color":"","overlay-opacity":"","overlay-gradient":""},"tablet":{"background-color":"var(--ast-global-color-5)","background-image":"","background-repeat":"repeat","background-position":"center center","background-size":"auto","background-attachment":"scroll","background-type":"","background-media":"","overlay-type":"","overlay-color":"","overlay-opacity":"","overlay-gradient":""},"mobile":{"background-color":"var(--ast-global-color-5)","background-image":"","background-repeat":"repeat","background-position":"center center","background-size":"auto","background-attachment":"scroll","background-type":"","background-media":"","overlay-type":"","overlay-color":"","overlay-opacity":"","overlay-gradient":""}},"footnotes":""},"class_list":["post-23","page","type-page","status-publish","hentry"],"yoast_head":"<!-- This site is optimized with the Yoast SEO plugin v26.0 - https:\/\/yoast.com\/wordpress\/plugins\/seo\/ -->\n<title>About us<\/title>\n<meta name=\"description\" content=\"By combining our molecular biology and bioinformatics expertise, we co-founded Sycomia to address the evolving challenges in advanced Omics data analysis.\" \/>\n<meta name=\"robots\" content=\"index, follow, max-snippet:-1, max-image-preview:large, max-video-preview:-1\" \/>\n<link rel=\"canonical\" href=\"https:\/\/sycomia.com\/fr\/about-us\/\" \/>\n<meta property=\"og:locale\" content=\"fr_FR\" \/>\n<meta property=\"og:type\" content=\"article\" \/>\n<meta property=\"og:title\" content=\"About us\" \/>\n<meta property=\"og:description\" content=\"By combining our molecular biology and bioinformatics expertise, we co-founded Sycomia to address the evolving challenges in advanced Omics data analysis.\" \/>\n<meta property=\"og:url\" content=\"https:\/\/sycomia.com\/fr\/about-us\/\" \/>\n<meta property=\"og:site_name\" content=\"Sycomia\" \/>\n<meta property=\"article:modified_time\" content=\"2025-09-23T14:50:35+00:00\" \/>\n<meta property=\"og:image\" content=\"https:\/\/sycomia.com\/wp-content\/uploads\/2025\/08\/DSC_0513-819x1024.jpg\" \/>\n<meta name=\"twitter:card\" content=\"summary_large_image\" \/>\n<meta name=\"twitter:site\" content=\"@Sycomia\" \/>\n<meta name=\"twitter:label1\" content=\"Dur\u00e9e de lecture estim\u00e9e\" \/>\n\t<meta name=\"twitter:data1\" content=\"3 minutes\" \/>\n<script type=\"application\/ld+json\" class=\"yoast-schema-graph\">{\"@context\":\"https:\/\/schema.org\",\"@graph\":[{\"@type\":\"WebPage\",\"@id\":\"https:\/\/sycomia.com\/about-us\/\",\"url\":\"https:\/\/sycomia.com\/about-us\/\",\"name\":\"About us\",\"isPartOf\":{\"@id\":\"https:\/\/sycomia.com\/#website\"},\"primaryImageOfPage\":{\"@id\":\"https:\/\/sycomia.com\/about-us\/#primaryimage\"},\"image\":{\"@id\":\"https:\/\/sycomia.com\/about-us\/#primaryimage\"},\"thumbnailUrl\":\"https:\/\/sycomia.com\/wp-content\/uploads\/2025\/08\/DSC_0513-819x1024.jpg\",\"datePublished\":\"2025-07-15T12:54:14+00:00\",\"dateModified\":\"2025-09-23T14:50:35+00:00\",\"description\":\"By combining our molecular biology and bioinformatics expertise, we co-founded Sycomia to address the evolving challenges in advanced Omics data analysis.\",\"breadcrumb\":{\"@id\":\"https:\/\/sycomia.com\/about-us\/#breadcrumb\"},\"inLanguage\":\"fr-FR\",\"potentialAction\":[{\"@type\":\"ReadAction\",\"target\":[\"https:\/\/sycomia.com\/about-us\/\"]}]},{\"@type\":\"ImageObject\",\"inLanguage\":\"fr-FR\",\"@id\":\"https:\/\/sycomia.com\/about-us\/#primaryimage\",\"url\":\"https:\/\/sycomia.com\/wp-content\/uploads\/2025\/08\/DSC_0513-819x1024.jpg\",\"contentUrl\":\"https:\/\/sycomia.com\/wp-content\/uploads\/2025\/08\/DSC_0513-819x1024.jpg\"},{\"@type\":\"BreadcrumbList\",\"@id\":\"https:\/\/sycomia.com\/about-us\/#breadcrumb\",\"itemListElement\":[{\"@type\":\"ListItem\",\"position\":1,\"name\":\"Accueil\",\"item\":\"https:\/\/sycomia.com\/\"},{\"@type\":\"ListItem\",\"position\":2,\"name\":\"About us\"}]},{\"@type\":\"WebSite\",\"@id\":\"https:\/\/sycomia.com\/#website\",\"url\":\"https:\/\/sycomia.com\/\",\"name\":\"Sycomia Bioinformatics CRO\",\"description\":\"Explore Data, Bring Science\",\"publisher\":{\"@id\":\"https:\/\/sycomia.com\/#organization\"},\"alternateName\":\"Sycomia\",\"potentialAction\":[{\"@type\":\"SearchAction\",\"target\":{\"@type\":\"EntryPoint\",\"urlTemplate\":\"https:\/\/sycomia.com\/?s={search_term_string}\"},\"query-input\":{\"@type\":\"PropertyValueSpecification\",\"valueRequired\":true,\"valueName\":\"search_term_string\"}}],\"inLanguage\":\"fr-FR\"},{\"@type\":\"Organization\",\"@id\":\"https:\/\/sycomia.com\/#organization\",\"name\":\"Sycomia\",\"url\":\"https:\/\/sycomia.com\/\",\"logo\":{\"@type\":\"ImageObject\",\"inLanguage\":\"fr-FR\",\"@id\":\"https:\/\/sycomia.com\/#\/schema\/logo\/image\/\",\"url\":\"https:\/\/sycomia.com\/wp-content\/uploads\/2025\/07\/sycomia_logo.svg\",\"contentUrl\":\"https:\/\/sycomia.com\/wp-content\/uploads\/2025\/07\/sycomia_logo.svg\",\"width\":119,\"height\":122,\"caption\":\"Sycomia\"},\"image\":{\"@id\":\"https:\/\/sycomia.com\/#\/schema\/logo\/image\/\"},\"sameAs\":[\"https:\/\/x.com\/Sycomia\",\"https:\/\/www.linkedin.com\/company\/sycomia\/\",\"https:\/\/github.com\/Sycomia\"]}]}<\/script>\n<!-- \/ Yoast SEO plugin. -->","yoast_head_json":{"title":"A propos","description":"By combining our molecular biology and bioinformatics expertise, we co-founded Sycomia to address the evolving challenges in advanced Omics data analysis.","robots":{"index":"index","follow":"follow","max-snippet":"max-snippet:-1","max-image-preview":"max-image-preview:large","max-video-preview":"max-video-preview:-1"},"canonical":"https:\/\/sycomia.com\/fr\/about-us\/","og_locale":"fr_FR","og_type":"article","og_title":"About us","og_description":"By combining our molecular biology and bioinformatics expertise, we co-founded Sycomia to address the evolving challenges in advanced Omics data analysis.","og_url":"https:\/\/sycomia.com\/fr\/about-us\/","og_site_name":"Sycomia","article_modified_time":"2025-09-23T14:50:35+00:00","og_image":[{"url":"https:\/\/sycomia.com\/wp-content\/uploads\/2025\/08\/DSC_0513-819x1024.jpg","type":"","width":"","height":""}],"twitter_card":"summary_large_image","twitter_site":"@Sycomia","twitter_misc":{"Dur\u00e9e de lecture estim\u00e9e":"3 minutes"},"schema":{"@context":"https:\/\/schema.org","@graph":[{"@type":"WebPage","@id":"https:\/\/sycomia.com\/about-us\/","url":"https:\/\/sycomia.com\/about-us\/","name":"A propos","isPartOf":{"@id":"https:\/\/sycomia.com\/#website"},"primaryImageOfPage":{"@id":"https:\/\/sycomia.com\/about-us\/#primaryimage"},"image":{"@id":"https:\/\/sycomia.com\/about-us\/#primaryimage"},"thumbnailUrl":"https:\/\/sycomia.com\/wp-content\/uploads\/2025\/08\/DSC_0513-819x1024.jpg","datePublished":"2025-07-15T12:54:14+00:00","dateModified":"2025-09-23T14:50:35+00:00","description":"By combining our molecular biology and bioinformatics expertise, we co-founded Sycomia to address the evolving challenges in advanced Omics data analysis.","breadcrumb":{"@id":"https:\/\/sycomia.com\/about-us\/#breadcrumb"},"inLanguage":"fr-FR","potentialAction":[{"@type":"ReadAction","target":["https:\/\/sycomia.com\/about-us\/"]}]},{"@type":"ImageObject","inLanguage":"fr-FR","@id":"https:\/\/sycomia.com\/about-us\/#primaryimage","url":"https:\/\/sycomia.com\/wp-content\/uploads\/2025\/08\/DSC_0513-819x1024.jpg","contentUrl":"https:\/\/sycomia.com\/wp-content\/uploads\/2025\/08\/DSC_0513-819x1024.jpg"},{"@type":"BreadcrumbList","@id":"https:\/\/sycomia.com\/about-us\/#breadcrumb","itemListElement":[{"@type":"ListItem","position":1,"name":"Accueil","item":"https:\/\/sycomia.com\/"},{"@type":"ListItem","position":2,"name":"About us"}]},{"@type":"WebSite","@id":"https:\/\/sycomia.com\/#website","url":"https:\/\/sycomia.com\/","name":"Sycomia Bioinformatics CRO","description":"Explore Data, Bring Science","publisher":{"@id":"https:\/\/sycomia.com\/#organization"},"alternateName":"Sycomia","potentialAction":[{"@type":"SearchAction","target":{"@type":"EntryPoint","urlTemplate":"https:\/\/sycomia.com\/?s={search_term_string}"},"query-input":{"@type":"PropertyValueSpecification","valueRequired":true,"valueName":"search_term_string"}}],"inLanguage":"fr-FR"},{"@type":"Organization","@id":"https:\/\/sycomia.com\/#organization","name":"Sycomia","url":"https:\/\/sycomia.com\/","logo":{"@type":"ImageObject","inLanguage":"fr-FR","@id":"https:\/\/sycomia.com\/#\/schema\/logo\/image\/","url":"https:\/\/sycomia.com\/wp-content\/uploads\/2025\/07\/sycomia_logo.svg","contentUrl":"https:\/\/sycomia.com\/wp-content\/uploads\/2025\/07\/sycomia_logo.svg","width":119,"height":122,"caption":"Sycomia"},"image":{"@id":"https:\/\/sycomia.com\/#\/schema\/logo\/image\/"},"sameAs":["https:\/\/x.com\/Sycomia","https:\/\/www.linkedin.com\/company\/sycomia\/","https:\/\/github.com\/Sycomia"]}]}},"_links":{"self":[{"href":"https:\/\/sycomia.com\/fr\/wp-json\/wp\/v2\/pages\/23","targetHints":{"allow":["GET"]}}],"collection":[{"href":"https:\/\/sycomia.com\/fr\/wp-json\/wp\/v2\/pages"}],"about":[{"href":"https:\/\/sycomia.com\/fr\/wp-json\/wp\/v2\/types\/page"}],"author":[{"embeddable":true,"href":"https:\/\/sycomia.com\/fr\/wp-json\/wp\/v2\/users\/1"}],"replies":[{"embeddable":true,"href":"https:\/\/sycomia.com\/fr\/wp-json\/wp\/v2\/comments?post=23"}],"version-history":[{"count":0,"href":"https:\/\/sycomia.com\/fr\/wp-json\/wp\/v2\/pages\/23\/revisions"}],"wp:attachment":[{"href":"https:\/\/sycomia.com\/fr\/wp-json\/wp\/v2\/media?parent=23"}],"curies":[{"name":"wp","href":"https:\/\/api.w.org\/{rel}","templated":true}]}}