{"id":2236,"date":"2025-09-26T13:50:45","date_gmt":"2025-09-26T13:50:45","guid":{"rendered":"https:\/\/sycomia.com\/?page_id=2236"},"modified":"2025-09-26T14:17:47","modified_gmt":"2025-09-26T14:17:47","slug":"legal-notice","status":"publish","type":"page","link":"https:\/\/sycomia.com\/fr\/legal-notice\/","title":{"rendered":"Mentions L\u00e9gales"},"content":{"rendered":"<div data-elementor-type=\"wp-page\" data-elementor-id=\"2236\" class=\"elementor elementor-2236\">\n\t\t\t\t<div class=\"elementor-element elementor-element-734e46f e-flex e-con-boxed e-con e-parent\" data-id=\"734e46f\" data-element_type=\"container\" data-e-type=\"container\">\n\t\t\t\t\t<div class=\"e-con-inner\">\n\t\t<div class=\"elementor-element elementor-element-c8c0932 e-con-full e-flex e-con e-child\" data-id=\"c8c0932\" data-element_type=\"container\" data-e-type=\"container\">\n\t\t\t\t<div class=\"elementor-element elementor-element-1622603 elementor-widget elementor-widget-heading\" data-id=\"1622603\" data-element_type=\"widget\" data-e-type=\"widget\" data-widget_type=\"heading.default\">\n\t\t\t\t\t<h2 class=\"elementor-heading-title elementor-size-default\">Mentions l\u00e9gales<\/h2>\t\t\t\t<\/div>\n\t\t\t\t<\/div>\n\t\t\t\t<div class=\"elementor-element elementor-element-22fd240 elementor-widget elementor-widget-text-editor\" data-id=\"22fd240\" data-element_type=\"widget\" data-e-type=\"widget\" data-widget_type=\"text-editor.default\">\n\t\t\t\t\t\t\t\t\t<div tabindex=\"-1\" role=\"region\" aria-label=\"Notifications (F8)\"><p data-start=\"96\" data-end=\"343\">Conform\u00e9ment aux dispositions de la loi n\u00b0 2004-575 du 21 juin 2004 pour la confiance dans l\u2019\u00e9conomie num\u00e9rique telles que modifi\u00e9es par la loi n\u00b02024-449 du 21 mai 2024 visant \u00e0 s\u00e9curiser et \u00e0 r\u00e9guler l\u2019espace num\u00e9rique, vous \u00eates inform\u00e9 des \u00e9l\u00e9ments suivants :<\/p><p data-start=\"96\" data-end=\"343\">\u00a0<\/p><p data-start=\"345\" data-end=\"638\" class=\"translation-block\">Le pr\u00e9sent site web <a href=\"https:\/\/sycomia.com\/fr\/\" target=\"_self\"><strong data-start=\"357\" data-end=\"372\">sycomia.com<\/strong><\/a> est \u00e9dit\u00e9 par la soci\u00e9t\u00e9 Sycomia, SARL au capital de 15 000 \u20ac, dont le si\u00e8ge social est 1 rue de Laglorieuse 68128 Rosenau, France, immatricul\u00e9e au registre du commerce et des soci\u00e9t\u00e9s de Mulhouse sous le num\u00e9ro 991 594 649.<\/p><p data-start=\"345\" data-end=\"638\">\u00a0<\/p><p><strong data-start=\"640\" data-end=\"664\">Directeur de Publication<\/strong><\/p><p><span dir=\"auto\">Nicolas Scalzitti<\/span><\/p><p>\u00a0<\/p><p><strong data-start=\"688\" data-end=\"707\">H\u00e9bergement du site<\/strong><\/p><p class=\"translation-block\">Le fournisseur des services d\u2019h\u00e9bergement du site internet est la soci\u00e9t\u00e9 OVH SAS, dont le si\u00e8ge social est situ\u00e9 2 rue Kellerman, 59100 Roubaix (France).<\/p><p data-start=\"688\" data-end=\"880\">T\u00e9l\u00e9phone : +33 8 92 97 62 46.<\/p><p data-start=\"882\" data-end=\"1126\">\u00a0<\/p><\/div><div tabindex=\"-1\" role=\"region\" aria-label=\"Notifications (F8)\"><div><p data-start=\"882\" data-end=\"1126\">Toute reproduction, repr\u00e9sentation, modification, publication, transmission, d\u00e9naturation, totale ou partielle du site ou de son contenu, par quelque proc\u00e9d\u00e9 que ce soit, et sur quelque support que ce soit, est interdite sans autorisation \u00e9crite pr\u00e9alable de Sycomia.<\/p><p data-start=\"882\" data-end=\"1126\">\u00a0<\/p><h3 data-start=\"2158\" data-end=\"2189\">Syst\u00e8me de gestion de contenu<\/h3><p><span dir=\"auto\">WordPress<\/span><\/p><p>\u00a0<\/p><\/div><h3 data-start=\"1133\" data-end=\"1163\">Protection des donn\u00e9es personnelles<\/h3><p data-start=\"1165\" data-end=\"1418\">Sycomia veille \u00e0 la protection de vos donn\u00e9es personnelles.\nLes donn\u00e9es collect\u00e9es via le site (formulaires de contact, inscription \u00e9ventuelle \u00e0 une newsletter, etc.) sont utilis\u00e9es uniquement pour r\u00e9pondre \u00e0 vos demandes et ne sont pas transmises \u00e0 des tiers sans votre accord.<\/p><p data-start=\"1420\" data-end=\"1590\">Conform\u00e9ment au R\u00e8glement G\u00e9n\u00e9ral sur la Protection des Donn\u00e9es (RGPD) et \u00e0 la loi \u00ab Informatique et Libert\u00e9s \u00bb modifi\u00e9e, vous disposez des droits suivants :<\/p><ul data-start=\"1592\" data-end=\"1725\"><li data-start=\"1592\" data-end=\"1640\"><p data-start=\"1594\" data-end=\"1640\">droit d\u2019acc\u00e8s, de rectification, d\u2019effacement,<\/p><\/li><li data-start=\"1641\" data-end=\"1694\"><p data-start=\"1643\" data-end=\"1694\">droit \u00e0 la limitation et \u00e0 l\u2019opposition au traitement<\/p><\/li><li data-start=\"1695\" data-end=\"1725\"><p data-start=\"1697\" data-end=\"1725\">droit \u00e0 la portabilit\u00e9 des donn\u00e9es.<\/p><\/li><\/ul><p data-start=\"1727\" data-end=\"1799\">Pour exercer vos droits, vous pouvez nous contacter \u00e0 : <strong data-start=\"1774\" data-end=\"1797\"><a class=\"decorated-link cursor-pointer\" rel=\"noopener\" data-start=\"1776\" data-end=\"1795\">contact@sycomia.com<\/a><\/strong><\/p><h3 data-start=\"1806\" data-end=\"1819\">\u00a0<\/h3><h3 data-start=\"1806\" data-end=\"1819\">Cookies<\/h3><p data-start=\"1821\" data-end=\"2151\">Le site peut utiliser des traceurs (cookies) afin d\u2019am\u00e9liorer l\u2019exp\u00e9rience utilisateur, r\u00e9aliser des statistiques de fr\u00e9quentation ou permettre le partage sur les r\u00e9seaux sociaux.<br data-start=\"1959\" data-end=\"1962\" \/>Un bandeau d\u2019information s\u2019affiche lors de votre visite afin de recueillir votre consentement. Vous pouvez \u00e0 tout moment param\u00e9trer vos pr\u00e9f\u00e9rences via le gestionnaire de cookies disponible en bas \u00e0 droite de la page.<\/p><div>\u00a0<\/div><div><p data-start=\"2203\" data-end=\"2355\">Pour plus d\u2019informations sur les aspects juridiques vous pouvez visiter le site de la <strong data-start=\"2275\" data-end=\"2353\">CNIL (Commission Nationale de l\u2019Informatique et des Libert\u00e9s) : <a class=\"decorated-link\" href=\"http:\/\/www.cnil.fr\" target=\"_new\" rel=\"noopener\" data-start=\"2340\" data-end=\"2351\">www.cnil.fr<\/a><\/strong><\/p><\/div><\/div>\t\t\t\t\t\t\t\t<\/div>\n\t\t\t\t\t<\/div>\n\t\t\t\t<\/div>\n\t\t<div class=\"elementor-element elementor-element-eb31559 e-flex e-con-boxed e-con e-parent\" data-id=\"eb31559\" data-element_type=\"container\" data-e-type=\"container\">\n\t\t\t\t\t<div class=\"e-con-inner\">\n\t\t\t\t\t<\/div>\n\t\t\t\t<\/div>\n\t\t\t\t<\/div>","protected":false},"excerpt":{"rendered":"<p>Legal Notice In accordance with the provisions of Law No. 2004-575 of June 21, 2004, on confidence in the digital [&hellip;]<\/p>","protected":false},"author":1,"featured_media":0,"parent":0,"menu_order":0,"comment_status":"closed","ping_status":"closed","template":"","meta":{"site-sidebar-layout":"no-sidebar","site-content-layout":"","ast-site-content-layout":"full-width-container","site-content-style":"default","site-sidebar-style":"default","ast-global-header-display":"","ast-banner-title-visibility":"","ast-main-header-display":"","ast-hfb-above-header-display":"","ast-hfb-below-header-display":"","ast-hfb-mobile-header-display":"","site-post-title":"disabled","ast-breadcrumbs-content":"","ast-featured-img":"disabled","footer-sml-layout":"","theme-transparent-header-meta":"","adv-header-id-meta":"","stick-header-meta":"","header-above-stick-meta":"","header-main-stick-meta":"","header-below-stick-meta":"","astra-migrate-meta-layouts":"default","ast-page-background-enabled":"default","ast-page-background-meta":{"desktop":{"background-color":"var(--ast-global-color-4)","background-image":"","background-repeat":"repeat","background-position":"center center","background-size":"auto","background-attachment":"scroll","background-type":"","background-media":"","overlay-type":"","overlay-color":"","overlay-opacity":"","overlay-gradient":""},"tablet":{"background-color":"","background-image":"","background-repeat":"repeat","background-position":"center center","background-size":"auto","background-attachment":"scroll","background-type":"","background-media":"","overlay-type":"","overlay-color":"","overlay-opacity":"","overlay-gradient":""},"mobile":{"background-color":"","background-image":"","background-repeat":"repeat","background-position":"center center","background-size":"auto","background-attachment":"scroll","background-type":"","background-media":"","overlay-type":"","overlay-color":"","overlay-opacity":"","overlay-gradient":""}},"ast-content-background-meta":{"desktop":{"background-color":"var(--ast-global-color-5)","background-image":"","background-repeat":"repeat","background-position":"center center","background-size":"auto","background-attachment":"scroll","background-type":"","background-media":"","overlay-type":"","overlay-color":"","overlay-opacity":"","overlay-gradient":""},"tablet":{"background-color":"var(--ast-global-color-5)","background-image":"","background-repeat":"repeat","background-position":"center center","background-size":"auto","background-attachment":"scroll","background-type":"","background-media":"","overlay-type":"","overlay-color":"","overlay-opacity":"","overlay-gradient":""},"mobile":{"background-color":"var(--ast-global-color-5)","background-image":"","background-repeat":"repeat","background-position":"center center","background-size":"auto","background-attachment":"scroll","background-type":"","background-media":"","overlay-type":"","overlay-color":"","overlay-opacity":"","overlay-gradient":""}},"footnotes":""},"class_list":["post-2236","page","type-page","status-publish","hentry"],"yoast_head":"<!-- This site is optimized with the Yoast SEO plugin v26.0 - https:\/\/yoast.com\/wordpress\/plugins\/seo\/ -->\n<title>Legal notice - CRO services in bioinformatics<\/title>\n<meta name=\"description\" content=\"Expert bioinformatics CRO offering genomics, transcriptomics, proteomics, and other -omics services: from data analysis to consulting and training.\" \/>\n<meta name=\"robots\" content=\"index, follow, max-snippet:-1, max-image-preview:large, max-video-preview:-1\" \/>\n<link rel=\"canonical\" href=\"https:\/\/sycomia.com\/fr\/legal-notice\/\" \/>\n<meta property=\"og:locale\" content=\"fr_FR\" \/>\n<meta property=\"og:type\" content=\"article\" \/>\n<meta property=\"og:title\" content=\"Legal notice - CRO services in bioinformatics\" \/>\n<meta property=\"og:description\" content=\"Expert bioinformatics CRO offering genomics, transcriptomics, proteomics, and other -omics services: from data analysis to consulting and training.\" \/>\n<meta property=\"og:url\" content=\"https:\/\/sycomia.com\/fr\/legal-notice\/\" \/>\n<meta property=\"og:site_name\" content=\"Sycomia\" \/>\n<meta property=\"article:modified_time\" content=\"2025-09-26T14:17:47+00:00\" \/>\n<meta property=\"og:image\" content=\"https:\/\/sycomia.com\/wp-content\/uploads\/2025\/09\/small_logo.png\" \/>\n\t<meta property=\"og:image:width\" content=\"1031\" \/>\n\t<meta property=\"og:image:height\" content=\"1050\" \/>\n\t<meta property=\"og:image:type\" content=\"image\/png\" \/>\n<meta name=\"twitter:card\" content=\"summary_large_image\" \/>\n<meta name=\"twitter:site\" content=\"@Sycomia\" \/>\n<meta name=\"twitter:label1\" content=\"Dur\u00e9e de lecture estim\u00e9e\" \/>\n\t<meta name=\"twitter:data1\" content=\"2 minutes\" \/>\n<script type=\"application\/ld+json\" class=\"yoast-schema-graph\">{\"@context\":\"https:\/\/schema.org\",\"@graph\":[{\"@type\":\"WebPage\",\"@id\":\"https:\/\/sycomia.com\/legal-notice\/\",\"url\":\"https:\/\/sycomia.com\/legal-notice\/\",\"name\":\"Legal notice - CRO services in bioinformatics\",\"isPartOf\":{\"@id\":\"https:\/\/sycomia.com\/#website\"},\"datePublished\":\"2025-09-26T13:50:45+00:00\",\"dateModified\":\"2025-09-26T14:17:47+00:00\",\"description\":\"Expert bioinformatics CRO offering genomics, transcriptomics, proteomics, and other -omics services: from data analysis to consulting and training.\",\"breadcrumb\":{\"@id\":\"https:\/\/sycomia.com\/legal-notice\/#breadcrumb\"},\"inLanguage\":\"fr-FR\",\"potentialAction\":[{\"@type\":\"ReadAction\",\"target\":[\"https:\/\/sycomia.com\/legal-notice\/\"]}]},{\"@type\":\"BreadcrumbList\",\"@id\":\"https:\/\/sycomia.com\/legal-notice\/#breadcrumb\",\"itemListElement\":[{\"@type\":\"ListItem\",\"position\":1,\"name\":\"Accueil\",\"item\":\"https:\/\/sycomia.com\/\"},{\"@type\":\"ListItem\",\"position\":2,\"name\":\"Legal notice\"}]},{\"@type\":\"WebSite\",\"@id\":\"https:\/\/sycomia.com\/#website\",\"url\":\"https:\/\/sycomia.com\/\",\"name\":\"Sycomia Bioinformatics CRO\",\"description\":\"Explore Data, Bring Science\",\"publisher\":{\"@id\":\"https:\/\/sycomia.com\/#organization\"},\"alternateName\":\"Sycomia\",\"potentialAction\":[{\"@type\":\"SearchAction\",\"target\":{\"@type\":\"EntryPoint\",\"urlTemplate\":\"https:\/\/sycomia.com\/?s={search_term_string}\"},\"query-input\":{\"@type\":\"PropertyValueSpecification\",\"valueRequired\":true,\"valueName\":\"search_term_string\"}}],\"inLanguage\":\"fr-FR\"},{\"@type\":\"Organization\",\"@id\":\"https:\/\/sycomia.com\/#organization\",\"name\":\"Sycomia\",\"url\":\"https:\/\/sycomia.com\/\",\"logo\":{\"@type\":\"ImageObject\",\"inLanguage\":\"fr-FR\",\"@id\":\"https:\/\/sycomia.com\/#\/schema\/logo\/image\/\",\"url\":\"https:\/\/sycomia.com\/wp-content\/uploads\/2025\/07\/sycomia_logo.svg\",\"contentUrl\":\"https:\/\/sycomia.com\/wp-content\/uploads\/2025\/07\/sycomia_logo.svg\",\"width\":119,\"height\":122,\"caption\":\"Sycomia\"},\"image\":{\"@id\":\"https:\/\/sycomia.com\/#\/schema\/logo\/image\/\"},\"sameAs\":[\"https:\/\/x.com\/Sycomia\",\"https:\/\/www.linkedin.com\/company\/sycomia\/\",\"https:\/\/github.com\/Sycomia\"]}]}<\/script>\n<!-- \/ Yoast SEO plugin. -->","yoast_head_json":{"title":"Legal notice - CRO services in bioinformatics","description":"Expert bioinformatics CRO offering genomics, transcriptomics, proteomics, and other -omics services: from data analysis to consulting and training.","robots":{"index":"index","follow":"follow","max-snippet":"max-snippet:-1","max-image-preview":"max-image-preview:large","max-video-preview":"max-video-preview:-1"},"canonical":"https:\/\/sycomia.com\/fr\/legal-notice\/","og_locale":"fr_FR","og_type":"article","og_title":"Legal notice - CRO services in bioinformatics","og_description":"Expert bioinformatics CRO offering genomics, transcriptomics, proteomics, and other -omics services: from data analysis to consulting and training.","og_url":"https:\/\/sycomia.com\/fr\/legal-notice\/","og_site_name":"Sycomia","article_modified_time":"2025-09-26T14:17:47+00:00","og_image":[{"width":1031,"height":1050,"url":"https:\/\/sycomia.com\/wp-content\/uploads\/2025\/09\/small_logo.png","type":"image\/png"}],"twitter_card":"summary_large_image","twitter_site":"@Sycomia","twitter_misc":{"Dur\u00e9e de lecture estim\u00e9e":"2 minutes"},"schema":{"@context":"https:\/\/schema.org","@graph":[{"@type":"WebPage","@id":"https:\/\/sycomia.com\/legal-notice\/","url":"https:\/\/sycomia.com\/legal-notice\/","name":"Legal notice - CRO services in bioinformatics","isPartOf":{"@id":"https:\/\/sycomia.com\/#website"},"datePublished":"2025-09-26T13:50:45+00:00","dateModified":"2025-09-26T14:17:47+00:00","description":"Expert bioinformatics CRO offering genomics, transcriptomics, proteomics, and other -omics services: from data analysis to consulting and training.","breadcrumb":{"@id":"https:\/\/sycomia.com\/legal-notice\/#breadcrumb"},"inLanguage":"fr-FR","potentialAction":[{"@type":"ReadAction","target":["https:\/\/sycomia.com\/legal-notice\/"]}]},{"@type":"BreadcrumbList","@id":"https:\/\/sycomia.com\/legal-notice\/#breadcrumb","itemListElement":[{"@type":"ListItem","position":1,"name":"Accueil","item":"https:\/\/sycomia.com\/"},{"@type":"ListItem","position":2,"name":"Legal notice"}]},{"@type":"WebSite","@id":"https:\/\/sycomia.com\/#website","url":"https:\/\/sycomia.com\/","name":"Sycomia Bioinformatics CRO","description":"Explore Data, Bring Science","publisher":{"@id":"https:\/\/sycomia.com\/#organization"},"alternateName":"Sycomia","potentialAction":[{"@type":"SearchAction","target":{"@type":"EntryPoint","urlTemplate":"https:\/\/sycomia.com\/?s={search_term_string}"},"query-input":{"@type":"PropertyValueSpecification","valueRequired":true,"valueName":"search_term_string"}}],"inLanguage":"fr-FR"},{"@type":"Organization","@id":"https:\/\/sycomia.com\/#organization","name":"Sycomia","url":"https:\/\/sycomia.com\/","logo":{"@type":"ImageObject","inLanguage":"fr-FR","@id":"https:\/\/sycomia.com\/#\/schema\/logo\/image\/","url":"https:\/\/sycomia.com\/wp-content\/uploads\/2025\/07\/sycomia_logo.svg","contentUrl":"https:\/\/sycomia.com\/wp-content\/uploads\/2025\/07\/sycomia_logo.svg","width":119,"height":122,"caption":"Sycomia"},"image":{"@id":"https:\/\/sycomia.com\/#\/schema\/logo\/image\/"},"sameAs":["https:\/\/x.com\/Sycomia","https:\/\/www.linkedin.com\/company\/sycomia\/","https:\/\/github.com\/Sycomia"]}]}},"_links":{"self":[{"href":"https:\/\/sycomia.com\/fr\/wp-json\/wp\/v2\/pages\/2236","targetHints":{"allow":["GET"]}}],"collection":[{"href":"https:\/\/sycomia.com\/fr\/wp-json\/wp\/v2\/pages"}],"about":[{"href":"https:\/\/sycomia.com\/fr\/wp-json\/wp\/v2\/types\/page"}],"author":[{"embeddable":true,"href":"https:\/\/sycomia.com\/fr\/wp-json\/wp\/v2\/users\/1"}],"replies":[{"embeddable":true,"href":"https:\/\/sycomia.com\/fr\/wp-json\/wp\/v2\/comments?post=2236"}],"version-history":[{"count":0,"href":"https:\/\/sycomia.com\/fr\/wp-json\/wp\/v2\/pages\/2236\/revisions"}],"wp:attachment":[{"href":"https:\/\/sycomia.com\/fr\/wp-json\/wp\/v2\/media?parent=2236"}],"curies":[{"name":"wp","href":"https:\/\/api.w.org\/{rel}","templated":true}]}}